{"id":541,"date":"2023-08-28T12:46:35","date_gmt":"2023-08-28T12:46:35","guid":{"rendered":"https:\/\/raceandrights.org\/?page_id=541"},"modified":"2025-01-14T18:38:19","modified_gmt":"2025-01-14T18:38:19","slug":"news","status":"publish","type":"page","link":"https:\/\/raceandrights.org\/?page_id=541","title":{"rendered":"News"},"content":{"rendered":"\t\t<div data-elementor-type=\"wp-page\" data-elementor-id=\"541\" class=\"elementor elementor-541\">\n\t\t\t\t\t\t<section class=\"elementor-section elementor-top-section elementor-element elementor-element-dd4d21e elementor-section-boxed elementor-section-height-default elementor-section-height-default\" data-id=\"dd4d21e\" data-element_type=\"section\">\n\t\t\t\t\t\t<div class=\"elementor-container elementor-column-gap-default\">\n\t\t\t\t\t<div class=\"elementor-column elementor-col-100 elementor-top-column elementor-element elementor-element-2661bc3\" data-id=\"2661bc3\" data-element_type=\"column\">\n\t\t\t<div class=\"elementor-widget-wrap elementor-element-populated\">\n\t\t\t\t\t\t<div class=\"elementor-element elementor-element-166ab0e elementor-widget elementor-widget-spacer\" data-id=\"166ab0e\" data-element_type=\"widget\" data-widget_type=\"spacer.default\">\n\t\t\t\t<div class=\"elementor-widget-container\">\n\t\t\t\t\t<div class=\"elementor-spacer\">\n\t\t\t<div class=\"elementor-spacer-inner\"><\/div>\n\t\t<\/div>\n\t\t\t\t<\/div>\n\t\t\t\t<\/div>\n\t\t\t\t<div class=\"elementor-element elementor-element-733f4f8 elementor-position-left elementor-vertical-align-middle elementor-widget elementor-widget-image-box\" data-id=\"733f4f8\" data-element_type=\"widget\" data-widget_type=\"image-box.default\">\n\t\t\t\t<div class=\"elementor-widget-container\">\n\t\t\t<div class=\"elementor-image-box-wrapper\"><figure class=\"elementor-image-box-img\"><a href=\"https:\/\/klau.nd.edu\/news-events\/news\/using-anti-racist-messaging-boosts-credibility-of-human-rights-groups-notre-dame-study-shows\/\" tabindex=\"-1\"><img fetchpriority=\"high\" decoding=\"async\" width=\"600\" height=\"400\" src=\"https:\/\/raceandrights.org\/wp-content\/uploads\/2025\/01\/zoltan_research_photo_irrl.jpg\" class=\"attachment-full size-full wp-image-838\" alt=\"\" srcset=\"https:\/\/raceandrights.org\/wp-content\/uploads\/2025\/01\/zoltan_research_photo_irrl.jpg 600w, https:\/\/raceandrights.org\/wp-content\/uploads\/2025\/01\/zoltan_research_photo_irrl-300x200.jpg 300w\" sizes=\"(max-width: 600px) 100vw, 600px\" \/><\/a><\/figure><div class=\"elementor-image-box-content\"><h3 class=\"elementor-image-box-title\"><a href=\"https:\/\/klau.nd.edu\/news-events\/news\/using-anti-racist-messaging-boosts-credibility-of-human-rights-groups-notre-dame-study-shows\/\">Using anti-racist messaging boosts credibility of human rights groups, study shows<\/a><\/h3><p class=\"elementor-image-box-description\">New research co-authored by Zolt\u00e1n B\u00faz\u00e1s sheds light on the complex relationship between race and human rights, especially as it plays out between human rights groups and governments. <\/p><\/div><\/div>\t\t<\/div>\n\t\t\t\t<\/div>\n\t\t\t\t<div class=\"elementor-element elementor-element-574d408 elementor-position-left elementor-vertical-align-middle elementor-widget elementor-widget-image-box\" data-id=\"574d408\" data-element_type=\"widget\" data-widget_type=\"image-box.default\">\n\t\t\t\t<div class=\"elementor-widget-container\">\n\t\t\t<div class=\"elementor-image-box-wrapper\"><figure class=\"elementor-image-box-img\"><a href=\"https:\/\/klau.nd.edu\/news-events\/news\/notre-dame-democracy-initiative-2024-grants-klau-institute-projects\/\" tabindex=\"-1\"><img decoding=\"async\" width=\"600\" height=\"400\" src=\"https:\/\/raceandrights.org\/wp-content\/uploads\/2025\/01\/mc_102721_nd_ave_aerial_3x2.jpg\" class=\"attachment-full size-full wp-image-843\" alt=\"\" srcset=\"https:\/\/raceandrights.org\/wp-content\/uploads\/2025\/01\/mc_102721_nd_ave_aerial_3x2.jpg 600w, https:\/\/raceandrights.org\/wp-content\/uploads\/2025\/01\/mc_102721_nd_ave_aerial_3x2-300x200.jpg 300w\" sizes=\"(max-width: 600px) 100vw, 600px\" \/><\/a><\/figure><div class=\"elementor-image-box-content\"><h3 class=\"elementor-image-box-title\"><a href=\"https:\/\/klau.nd.edu\/news-events\/news\/notre-dame-democracy-initiative-2024-grants-klau-institute-projects\/\">Notre Dame Democracy Initiative awards research grant to Zolt\u00e1n B\u00faz\u00e1s<\/a><\/h3><p class=\"elementor-image-box-description\">The project will investigate how the United States and China use human rights and democracy to criticize each other and the effects of these criticisms on global public support for democracy and human rights.<\/p><\/div><\/div>\t\t<\/div>\n\t\t\t\t<\/div>\n\t\t\t\t<div class=\"elementor-element elementor-element-b42dba4 elementor-position-left elementor-vertical-align-middle elementor-widget elementor-widget-image-box\" data-id=\"b42dba4\" data-element_type=\"widget\" data-widget_type=\"image-box.default\">\n\t\t\t\t<div class=\"elementor-widget-container\">\n\t\t\t<div class=\"elementor-image-box-wrapper\"><figure class=\"elementor-image-box-img\"><a href=\"https:\/\/klau.nd.edu\/news-events\/news\/q-a-nourhan-fahmy-international-race-and-rights-lab\/\" tabindex=\"-1\"><img decoding=\"async\" width=\"600\" height=\"421\" src=\"https:\/\/raceandrights.org\/wp-content\/uploads\/2023\/08\/nourhan-1.jpg\" class=\"attachment-full size-full wp-image-637\" alt=\"\" srcset=\"https:\/\/raceandrights.org\/wp-content\/uploads\/2023\/08\/nourhan-1.jpg 600w, https:\/\/raceandrights.org\/wp-content\/uploads\/2023\/08\/nourhan-1-300x211.jpg 300w\" sizes=\"(max-width: 600px) 100vw, 600px\" \/><\/a><\/figure><div class=\"elementor-image-box-content\"><h3 class=\"elementor-image-box-title\"><a href=\"https:\/\/klau.nd.edu\/news-events\/news\/q-a-nourhan-fahmy-international-race-and-rights-lab\/\">Q&A: Nourhan Fahmy, International Race and Rights Lab<\/a><\/h3><p class=\"elementor-image-box-description\">Nourhan Fahmy is an Egyptian researcher and journalist who focuses on legal and judicial issues, and serves as a research assistant in the International Race and Rights Lab at the Klau Institute. <\/p><\/div><\/div>\t\t<\/div>\n\t\t\t\t<\/div>\n\t\t\t\t<div class=\"elementor-element elementor-element-517b6f5 elementor-position-left elementor-vertical-align-middle elementor-widget elementor-widget-image-box\" data-id=\"517b6f5\" data-element_type=\"widget\" data-widget_type=\"image-box.default\">\n\t\t\t\t<div class=\"elementor-widget-container\">\n\t\t\t<div class=\"elementor-image-box-wrapper\"><figure class=\"elementor-image-box-img\"><a href=\"https:\/\/klau.nd.edu\/news-events\/news\/international-race-and-rights-lab-presents-initial-research-findings\/\" tabindex=\"-1\"><img loading=\"lazy\" decoding=\"async\" width=\"600\" height=\"400\" src=\"https:\/\/raceandrights.org\/wp-content\/uploads\/2023\/08\/lab_a.jpg\" class=\"attachment-full size-full wp-image-636\" alt=\"\" srcset=\"https:\/\/raceandrights.org\/wp-content\/uploads\/2023\/08\/lab_a.jpg 600w, https:\/\/raceandrights.org\/wp-content\/uploads\/2023\/08\/lab_a-300x200.jpg 300w\" sizes=\"(max-width: 600px) 100vw, 600px\" \/><\/a><\/figure><div class=\"elementor-image-box-content\"><h3 class=\"elementor-image-box-title\"><a href=\"https:\/\/klau.nd.edu\/news-events\/news\/international-race-and-rights-lab-presents-initial-research-findings\/\">International Race and Rights Lab presents initial research findings<\/a><\/h3><p class=\"elementor-image-box-description\">What arguments do China and the US employ to accuse each other of discrimination? And what can they tell us about race, human rights, and great power relations more generally?<\/p><\/div><\/div>\t\t<\/div>\n\t\t\t\t<\/div>\n\t\t\t\t<div class=\"elementor-element elementor-element-143600e elementor-position-left elementor-vertical-align-middle elementor-widget elementor-widget-image-box\" data-id=\"143600e\" data-element_type=\"widget\" data-widget_type=\"image-box.default\">\n\t\t\t\t<div class=\"elementor-widget-container\">\n\t\t\t<div class=\"elementor-image-box-wrapper\"><figure class=\"elementor-image-box-img\"><a href=\"https:\/\/klau.nd.edu\/news-events\/news\/workshop-on-race-and-international-relations-brings-diverse-voices-into-conversation\/\" tabindex=\"-1\"><img loading=\"lazy\" decoding=\"async\" width=\"600\" height=\"401\" src=\"https:\/\/raceandrights.org\/wp-content\/uploads\/2023\/08\/workshop_1.jpg\" class=\"attachment-full size-full wp-image-638\" alt=\"\" srcset=\"https:\/\/raceandrights.org\/wp-content\/uploads\/2023\/08\/workshop_1.jpg 600w, https:\/\/raceandrights.org\/wp-content\/uploads\/2023\/08\/workshop_1-300x201.jpg 300w\" sizes=\"(max-width: 600px) 100vw, 600px\" \/><\/a><\/figure><div class=\"elementor-image-box-content\"><h3 class=\"elementor-image-box-title\"><a href=\"https:\/\/klau.nd.edu\/news-events\/news\/workshop-on-race-and-international-relations-brings-diverse-voices-into-conversation\/\">Workshop on race and international relations brings diverse voices into conversation<\/a><\/h3><p class=\"elementor-image-box-description\">Alexandra Guisinger, associate professor of political science, Temple University\nThe intersection of race and international relations was the focus of an intensive workshop sponsored by the Klau Institute on March 31, 2023. <\/p><\/div><\/div>\t\t<\/div>\n\t\t\t\t<\/div>\n\t\t\t\t\t<\/div>\n\t\t<\/div>\n\t\t\t\t\t<\/div>\n\t\t<\/section>\n\t\t\t\t<\/div>\n\t\t","protected":false},"excerpt":{"rendered":"<p>Using anti-racist messaging boosts credibility of human rights groups, study shows New research co-authored by Zolt\u00e1n B\u00faz\u00e1s sheds light on the complex relationship between race and human rights, especially as [&hellip;]<\/p>\n","protected":false},"author":1,"featured_media":0,"parent":0,"menu_order":0,"comment_status":"closed","ping_status":"closed","template":"","meta":{"footnotes":""},"class_list":["post-541","page","type-page","status-publish","hentry"],"_links":{"self":[{"href":"https:\/\/raceandrights.org\/index.php?rest_route=\/wp\/v2\/pages\/541","targetHints":{"allow":["GET"]}}],"collection":[{"href":"https:\/\/raceandrights.org\/index.php?rest_route=\/wp\/v2\/pages"}],"about":[{"href":"https:\/\/raceandrights.org\/index.php?rest_route=\/wp\/v2\/types\/page"}],"author":[{"embeddable":true,"href":"https:\/\/raceandrights.org\/index.php?rest_route=\/wp\/v2\/users\/1"}],"replies":[{"embeddable":true,"href":"https:\/\/raceandrights.org\/index.php?rest_route=%2Fwp%2Fv2%2Fcomments&post=541"}],"version-history":[{"count":42,"href":"https:\/\/raceandrights.org\/index.php?rest_route=\/wp\/v2\/pages\/541\/revisions"}],"predecessor-version":[{"id":846,"href":"https:\/\/raceandrights.org\/index.php?rest_route=\/wp\/v2\/pages\/541\/revisions\/846"}],"wp:attachment":[{"href":"https:\/\/raceandrights.org\/index.php?rest_route=%2Fwp%2Fv2%2Fmedia&parent=541"}],"curies":[{"name":"wp","href":"https:\/\/api.w.org\/{rel}","templated":true}]}}