{"id":31,"date":"2023-08-22T10:55:44","date_gmt":"2023-08-22T10:55:44","guid":{"rendered":"https:\/\/raceandrights.org\/?page_id=31"},"modified":"2025-08-26T15:42:29","modified_gmt":"2025-08-26T15:42:29","slug":"race-and-international-relations-workshop","status":"publish","type":"page","link":"https:\/\/raceandrights.org\/?page_id=31","title":{"rendered":"Workshops"},"content":{"rendered":"\t\t<div data-elementor-type=\"wp-page\" data-elementor-id=\"31\" class=\"elementor elementor-31\">\n\t\t\t\t\t\t<section class=\"elementor-section elementor-top-section elementor-element elementor-element-6e51513 elementor-section-boxed elementor-section-height-default elementor-section-height-default\" data-id=\"6e51513\" data-element_type=\"section\">\n\t\t\t\t\t\t<div class=\"elementor-container elementor-column-gap-default\">\n\t\t\t\t\t<div class=\"elementor-column elementor-col-100 elementor-top-column elementor-element elementor-element-345f1c2\" data-id=\"345f1c2\" data-element_type=\"column\">\n\t\t\t<div class=\"elementor-widget-wrap\">\n\t\t\t\t\t\t\t<\/div>\n\t\t<\/div>\n\t\t\t\t\t<\/div>\n\t\t<\/section>\n\t\t\t\t<section class=\"elementor-section elementor-top-section elementor-element elementor-element-f672fe5 elementor-section-boxed elementor-section-height-default elementor-section-height-default\" data-id=\"f672fe5\" data-element_type=\"section\">\n\t\t\t\t\t\t<div class=\"elementor-container elementor-column-gap-default\">\n\t\t\t\t\t<div class=\"elementor-column elementor-col-100 elementor-top-column elementor-element elementor-element-7fafda4\" data-id=\"7fafda4\" data-element_type=\"column\">\n\t\t\t<div class=\"elementor-widget-wrap elementor-element-populated\">\n\t\t\t\t\t\t<div class=\"elementor-element elementor-element-185d8b7 elementor-widget elementor-widget-spacer\" data-id=\"185d8b7\" data-element_type=\"widget\" data-widget_type=\"spacer.default\">\n\t\t\t\t<div class=\"elementor-widget-container\">\n\t\t\t\t\t<div class=\"elementor-spacer\">\n\t\t\t<div class=\"elementor-spacer-inner\"><\/div>\n\t\t<\/div>\n\t\t\t\t<\/div>\n\t\t\t\t<\/div>\n\t\t\t\t<div class=\"elementor-element elementor-element-2de7685 elementor-widget elementor-widget-text-editor\" data-id=\"2de7685\" data-element_type=\"widget\" data-widget_type=\"text-editor.default\">\n\t\t\t\t<div class=\"elementor-widget-container\">\n\t\t\t\t\t\t\t<p>Through our workshops, we aim to contribute to the community of scholars concerned with the international study of race, racism, and anti-racism. We hope to organize these workshops annually, alternating between virtual and in-person formats. <br><\/p>\t\t\t\t\t\t<\/div>\n\t\t\t\t<\/div>\n\t\t\t\t<section class=\"elementor-section elementor-inner-section elementor-element elementor-element-1958089 elementor-section-boxed elementor-section-height-default elementor-section-height-default\" data-id=\"1958089\" data-element_type=\"section\">\n\t\t\t\t\t\t<div class=\"elementor-container elementor-column-gap-custom\">\n\t\t\t\t\t<div class=\"elementor-column elementor-col-50 elementor-inner-column elementor-element elementor-element-ead512a\" data-id=\"ead512a\" data-element_type=\"column\">\n\t\t\t<div class=\"elementor-widget-wrap elementor-element-populated\">\n\t\t\t\t\t\t<div class=\"elementor-element elementor-element-c17db57 elementor-widget elementor-widget-image\" data-id=\"c17db57\" data-element_type=\"widget\" data-widget_type=\"image.default\">\n\t\t\t\t<div class=\"elementor-widget-container\">\n\t\t\t\t\t\t\t\t\t\t\t\t\t<img fetchpriority=\"high\" decoding=\"async\" width=\"800\" height=\"532\" src=\"https:\/\/raceandrights.org\/wp-content\/uploads\/2023\/08\/MC6_5509-1024x681.jpg\" class=\"attachment-large size-large wp-image-300\" alt=\"\" srcset=\"https:\/\/raceandrights.org\/wp-content\/uploads\/2023\/08\/MC6_5509-1024x681.jpg 1024w, https:\/\/raceandrights.org\/wp-content\/uploads\/2023\/08\/MC6_5509-300x200.jpg 300w, https:\/\/raceandrights.org\/wp-content\/uploads\/2023\/08\/MC6_5509-768x511.jpg 768w, https:\/\/raceandrights.org\/wp-content\/uploads\/2023\/08\/MC6_5509-1536x1022.jpg 1536w, https:\/\/raceandrights.org\/wp-content\/uploads\/2023\/08\/MC6_5509-2048x1363.jpg 2048w\" sizes=\"(max-width: 800px) 100vw, 800px\" \/>\t\t\t\t\t\t\t\t\t\t\t\t\t<\/div>\n\t\t\t\t<\/div>\n\t\t\t\t\t<\/div>\n\t\t<\/div>\n\t\t\t\t<div class=\"elementor-column elementor-col-50 elementor-inner-column elementor-element elementor-element-8c4ac97\" data-id=\"8c4ac97\" data-element_type=\"column\">\n\t\t\t<div class=\"elementor-widget-wrap elementor-element-populated\">\n\t\t\t\t\t\t<div class=\"elementor-element elementor-element-efb566a elementor-widget elementor-widget-text-editor\" data-id=\"efb566a\" data-element_type=\"widget\" data-widget_type=\"text-editor.default\">\n\t\t\t\t<div class=\"elementor-widget-container\">\n\t\t\t\t\t\t\t<p>Workshop on Human Rights and International Relations (2026)<\/p>\t\t\t\t\t\t<\/div>\n\t\t\t\t<\/div>\n\t\t\t\t<div class=\"elementor-element elementor-element-8c4753e elementor-widget elementor-widget-text-editor\" data-id=\"8c4753e\" data-element_type=\"widget\" data-widget_type=\"text-editor.default\">\n\t\t\t\t<div class=\"elementor-widget-container\">\n\t\t\t\t\t\t\t<p>We are pleased to announce the call for paper proposals for our fourth annual workshop. The workshop is organized by <a href=\"https:\/\/keough.nd.edu\/profile\/zoltan-i-buzas\/\">Zolt\u00e1n I. B\u00faz\u00e1s<\/a> (University of Notre Dame) under the umbrella of the <a href=\"https:\/\/klau.nd.edu\/initiatives\/international-race-and-rights-lab\/\">International Race and Rights Lab <\/a>with the generous support of the <a href=\"https:\/\/klau.nd.edu\/\">Klau Institute for Civil and Human Rights<\/a><b>. The deadline for proposal submissions (500 words) is December 20, 2025. <\/b>The workshop will take place virtually on <strong>May 15, 2026<\/strong>. Full papers will be due a week before the workshop.\u00a0<\/p><p>We invite paper proposals on any topic related to human rights and international relations broadly defined. We are very interested in studies that explore racism and anti-racism, and we welcome all methodological orientations. We especially encourage advanced graduate students, post-doctoral scholars, and junior faculty to apply, but everyone is welcome. Questions and abstracts should be sent to Zolt\u00e1n I. B\u00faz\u00e1s (<a href=\"mailto:zbuzas@nd.edu\">zbuzas@nd.edu<\/a>).\u00a0<\/p>\t\t\t\t\t\t<\/div>\n\t\t\t\t<\/div>\n\t\t\t\t\t<\/div>\n\t\t<\/div>\n\t\t\t\t\t<\/div>\n\t\t<\/section>\n\t\t\t\t\t<\/div>\n\t\t<\/div>\n\t\t\t\t\t<\/div>\n\t\t<\/section>\n\t\t\t\t<section class=\"elementor-section elementor-top-section elementor-element elementor-element-dd52c52 elementor-section-boxed elementor-section-height-default elementor-section-height-default\" data-id=\"dd52c52\" data-element_type=\"section\">\n\t\t\t\t\t\t<div class=\"elementor-container elementor-column-gap-default\">\n\t\t\t\t\t<div class=\"elementor-column elementor-col-100 elementor-top-column elementor-element elementor-element-1645596\" data-id=\"1645596\" data-element_type=\"column\">\n\t\t\t<div class=\"elementor-widget-wrap elementor-element-populated\">\n\t\t\t\t\t\t<div class=\"elementor-element elementor-element-3b4901f elementor-widget-divider--view-line elementor-widget elementor-widget-divider\" data-id=\"3b4901f\" data-element_type=\"widget\" data-widget_type=\"divider.default\">\n\t\t\t\t<div class=\"elementor-widget-container\">\n\t\t\t\t\t<div class=\"elementor-divider\">\n\t\t\t<span class=\"elementor-divider-separator\">\n\t\t\t\t\t\t<\/span>\n\t\t<\/div>\n\t\t\t\t<\/div>\n\t\t\t\t<\/div>\n\t\t\t\t<div class=\"elementor-element elementor-element-9b19080 elementor-widget elementor-widget-text-editor\" data-id=\"9b19080\" data-element_type=\"widget\" data-widget_type=\"text-editor.default\">\n\t\t\t\t<div class=\"elementor-widget-container\">\n\t\t\t\t\t\t\t<p>Past Workshops<\/p>\t\t\t\t\t\t<\/div>\n\t\t\t\t<\/div>\n\t\t\t\t<div class=\"elementor-element elementor-element-adb2316 elementor-widget elementor-widget-text-editor\" data-id=\"adb2316\" data-element_type=\"widget\" data-widget_type=\"text-editor.default\">\n\t\t\t\t<div class=\"elementor-widget-container\">\n\t\t\t\t\t\t\t<p>Our inaugural workshops, held both in person at the University of Notre Dame and virtually, were a great success. Below you&#8217;ll find schedules of speakers and topics for those workshops.<\/p>\t\t\t\t\t\t<\/div>\n\t\t\t\t<\/div>\n\t\t\t\t<div class=\"elementor-element elementor-element-02e8193 elementor-widget elementor-widget-button\" data-id=\"02e8193\" data-element_type=\"widget\" data-widget_type=\"button.default\">\n\t\t\t\t<div class=\"elementor-widget-container\">\n\t\t\t\t\t\t\t<div class=\"elementor-button-wrapper\">\n\t\t\t\t\t<a class=\"elementor-button elementor-button-link elementor-size-md\" href=\"https:\/\/raceandrights.org\/wp-content\/uploads\/2025\/06\/RaceInternationalRelations-workshop-2025.pdf\" target=\"_blank\">\n\t\t\t\t\t\t<span class=\"elementor-button-content-wrapper\">\n\t\t\t\t\t\t\t\t\t<span class=\"elementor-button-text\">March 28 2025 In Person Workshop<\/span>\n\t\t\t\t\t<\/span>\n\t\t\t\t\t<\/a>\n\t\t\t\t<\/div>\n\t\t\t\t\t\t<\/div>\n\t\t\t\t<\/div>\n\t\t\t\t<div class=\"elementor-element elementor-element-f01fb76 elementor-widget elementor-widget-button\" data-id=\"f01fb76\" data-element_type=\"widget\" data-widget_type=\"button.default\">\n\t\t\t\t<div class=\"elementor-widget-container\">\n\t\t\t\t\t\t\t<div class=\"elementor-button-wrapper\">\n\t\t\t\t\t<a class=\"elementor-button elementor-button-link elementor-size-md\" href=\"https:\/\/raceandrights.org\/wp-content\/uploads\/2024\/11\/2024-Workshop-Program-May-17-1.pdf\" target=\"_blank\">\n\t\t\t\t\t\t<span class=\"elementor-button-content-wrapper\">\n\t\t\t\t\t\t\t\t\t<span class=\"elementor-button-text\">May 17 2024 Virtual Workshop<\/span>\n\t\t\t\t\t<\/span>\n\t\t\t\t\t<\/a>\n\t\t\t\t<\/div>\n\t\t\t\t\t\t<\/div>\n\t\t\t\t<\/div>\n\t\t\t\t<div class=\"elementor-element elementor-element-9ecc73c elementor-widget elementor-widget-button\" data-id=\"9ecc73c\" data-element_type=\"widget\" data-widget_type=\"button.default\">\n\t\t\t\t<div class=\"elementor-widget-container\">\n\t\t\t\t\t\t\t<div class=\"elementor-button-wrapper\">\n\t\t\t\t\t<a class=\"elementor-button elementor-button-link elementor-size-md\" href=\"https:\/\/raceandrights.org\/wp-content\/uploads\/2024\/11\/2024-Workshop-Program-May-24-2.pdf\" target=\"_blank\">\n\t\t\t\t\t\t<span class=\"elementor-button-content-wrapper\">\n\t\t\t\t\t\t\t\t\t<span class=\"elementor-button-text\">May 24 2024 Virtual Workshop<\/span>\n\t\t\t\t\t<\/span>\n\t\t\t\t\t<\/a>\n\t\t\t\t<\/div>\n\t\t\t\t\t\t<\/div>\n\t\t\t\t<\/div>\n\t\t\t\t<div class=\"elementor-element elementor-element-0ca3f75 elementor-widget elementor-widget-button\" data-id=\"0ca3f75\" data-element_type=\"widget\" data-widget_type=\"button.default\">\n\t\t\t\t<div class=\"elementor-widget-container\">\n\t\t\t\t\t\t\t<div class=\"elementor-button-wrapper\">\n\t\t\t\t\t<a class=\"elementor-button elementor-button-link elementor-size-md\" href=\"https:\/\/raceandrights.org\/wp-content\/uploads\/2023\/08\/2023-in-person-workshop-agenda.pdf\">\n\t\t\t\t\t\t<span class=\"elementor-button-content-wrapper\">\n\t\t\t\t\t\t\t\t\t<span class=\"elementor-button-text\">March 2023 In Person Workshop<\/span>\n\t\t\t\t\t<\/span>\n\t\t\t\t\t<\/a>\n\t\t\t\t<\/div>\n\t\t\t\t\t\t<\/div>\n\t\t\t\t<\/div>\n\t\t\t\t<div class=\"elementor-element elementor-element-3859cef elementor-widget elementor-widget-button\" data-id=\"3859cef\" data-element_type=\"widget\" data-widget_type=\"button.default\">\n\t\t\t\t<div class=\"elementor-widget-container\">\n\t\t\t\t\t\t\t<div class=\"elementor-button-wrapper\">\n\t\t\t\t\t<a class=\"elementor-button elementor-button-link elementor-size-md\" href=\"https:\/\/raceandrights.org\/wp-content\/uploads\/2023\/08\/Race-and-IR-Virtual-Workshop-schedule.pdf\">\n\t\t\t\t\t\t<span class=\"elementor-button-content-wrapper\">\n\t\t\t\t\t\t\t\t\t<span class=\"elementor-button-text\">May\/June 2023 Virtual Workshops<\/span>\n\t\t\t\t\t<\/span>\n\t\t\t\t\t<\/a>\n\t\t\t\t<\/div>\n\t\t\t\t\t\t<\/div>\n\t\t\t\t<\/div>\n\t\t\t\t<div class=\"elementor-element elementor-element-7be3000 elementor-widget elementor-widget-spacer\" data-id=\"7be3000\" data-element_type=\"widget\" data-widget_type=\"spacer.default\">\n\t\t\t\t<div class=\"elementor-widget-container\">\n\t\t\t\t\t<div class=\"elementor-spacer\">\n\t\t\t<div class=\"elementor-spacer-inner\"><\/div>\n\t\t<\/div>\n\t\t\t\t<\/div>\n\t\t\t\t<\/div>\n\t\t\t\t\t<\/div>\n\t\t<\/div>\n\t\t\t\t\t<\/div>\n\t\t<\/section>\n\t\t\t\t<\/div>\n\t\t","protected":false},"excerpt":{"rendered":"<p>Through our workshops, we aim to contribute to the community of scholars concerned with the international study of race, racism, and anti-racism. We hope to organize these workshops annually, alternating [&hellip;]<\/p>\n","protected":false},"author":1,"featured_media":0,"parent":0,"menu_order":0,"comment_status":"closed","ping_status":"closed","template":"","meta":{"footnotes":""},"class_list":["post-31","page","type-page","status-publish","hentry"],"_links":{"self":[{"href":"https:\/\/raceandrights.org\/index.php?rest_route=\/wp\/v2\/pages\/31","targetHints":{"allow":["GET"]}}],"collection":[{"href":"https:\/\/raceandrights.org\/index.php?rest_route=\/wp\/v2\/pages"}],"about":[{"href":"https:\/\/raceandrights.org\/index.php?rest_route=\/wp\/v2\/types\/page"}],"author":[{"embeddable":true,"href":"https:\/\/raceandrights.org\/index.php?rest_route=\/wp\/v2\/users\/1"}],"replies":[{"embeddable":true,"href":"https:\/\/raceandrights.org\/index.php?rest_route=%2Fwp%2Fv2%2Fcomments&post=31"}],"version-history":[{"count":181,"href":"https:\/\/raceandrights.org\/index.php?rest_route=\/wp\/v2\/pages\/31\/revisions"}],"predecessor-version":[{"id":1120,"href":"https:\/\/raceandrights.org\/index.php?rest_route=\/wp\/v2\/pages\/31\/revisions\/1120"}],"wp:attachment":[{"href":"https:\/\/raceandrights.org\/index.php?rest_route=%2Fwp%2Fv2%2Fmedia&parent=31"}],"curies":[{"name":"wp","href":"https:\/\/api.w.org\/{rel}","templated":true}]}}